{"id":1082,"date":"2018-08-10T22:06:05","date_gmt":"2018-08-10T20:06:05","guid":{"rendered":"https:\/\/saophotography.ee\/klient\/?page_id=1082"},"modified":"2019-11-29T23:12:42","modified_gmt":"2019-11-29T21:12:42","slug":"minust","status":"publish","type":"page","link":"https:\/\/saophotography.ee\/klient\/minust\/","title":{"rendered":"Minust"},"content":{"rendered":"<p style=\"text-align: left;\"><img loading=\"lazy\" decoding=\"async\" class=\"alignright wp-image-1086\" src=\"https:\/\/saophotography.ee\/klient\/wp-content\/uploads\/2018\/08\/38842639_1908018136165769_1289814357282127872_n-300x199.jpg\" alt=\"\" width=\"530\" height=\"351\" srcset=\"https:\/\/saophotography.ee\/klient\/wp-content\/uploads\/2018\/08\/38842639_1908018136165769_1289814357282127872_n-300x199.jpg 300w, https:\/\/saophotography.ee\/klient\/wp-content\/uploads\/2018\/08\/38842639_1908018136165769_1289814357282127872_n-768x509.jpg 768w, https:\/\/saophotography.ee\/klient\/wp-content\/uploads\/2018\/08\/38842639_1908018136165769_1289814357282127872_n-1024x678.jpg 1024w, https:\/\/saophotography.ee\/klient\/wp-content\/uploads\/2018\/08\/38842639_1908018136165769_1289814357282127872_n-830x550.jpg 830w, https:\/\/saophotography.ee\/klient\/wp-content\/uploads\/2018\/08\/38842639_1908018136165769_1289814357282127872_n-230x152.jpg 230w, https:\/\/saophotography.ee\/klient\/wp-content\/uploads\/2018\/08\/38842639_1908018136165769_1289814357282127872_n-350x232.jpg 350w, https:\/\/saophotography.ee\/klient\/wp-content\/uploads\/2018\/08\/38842639_1908018136165769_1289814357282127872_n-480x318.jpg 480w\" sizes=\"auto, (max-width: 530px) 100vw, 530px\" \/><\/p>\n<p style=\"text-align: left;\">Fotograafia on mulle huvi pakkunud lapsest saadik. Alustasin pildistamist ema filmi- ja digikaameratega. T\u00f5sisemalt hakkasin fotograafiaga tegelema 2011. aastal, kui soetasin endale esimese algelise peegelkaamera Nikon D3100 suvel teenitud raha eest. Peale seda hakkasin pildistama loodust ja kooli ning koduvalla \u00fcritusi. Sealt sain omad esimesed kogemused, kuidas kaamerat seadistada ning pilte t\u00f6\u00f6delda. 2012. aasta suvel tegin koost\u00f6\u00f6s kooliga oma esimese ja ainukese personaaln\u00e4ituse \u201eT\u00f5stamaa m\u00f5isa vaimud\u201c, mis koosnes fantaasiapiltidest. 2012. asusin \u00f5ppima TT\u00dc-s, kus liitusin TT\u00dc fotoklubiga. Seal j\u00e4tkasin oma huvitegevust. Pildistasin aktiivselt TT\u00dc s\u00fcndmusi ja katsetasin erinevaid fotograafia alaliike. TT\u00dc-s hakkasin j\u00e4rjest rohkem silma j\u00e4\u00e4ma ja sain palju erinevaid pildistamiskogemusi, mis on mind l\u00e4bi aja vorminud selliseks fotograafiks nagu t\u00e4na.<\/p>\n<p style=\"text-align: left;\">Aja jooksul on kirg j\u00e4rjest kasvanud ja olen arendanud enda oskusi ja tehnikat. Mulle on alati meeldinud tabada inimeste loomuliku emotsiooni. Lisaks on olnud oluline piltide kvaliteet, mis on pannud mind oskusi arendama ja tehnikat uuendama. Mulle meeldib pildistada inimesi, \u00fcritusi, arhitektuuri ja loodust. 2018. aastal otsustasin asutada oma firma Stenfo O\u00dc, mis tegeleb fotograafiateenuse pakkumisega. Olen alati avatud uutele pakkumistele ja ideedele.<\/p>\n\n<div id=\"sb_instagram\"  class=\"sbi sbi_mob_col_1 sbi_tab_col_2 sbi_col_4\" style=\"padding-bottom: 10px; width: 100%;\"\t data-feedid=\"sbi_#20\"  data-res=\"auto\" data-cols=\"4\" data-colsmobile=\"1\" data-colstablet=\"2\" data-num=\"20\" data-nummobile=\"\" data-item-padding=\"5\"\t data-shortcode-atts=\"{}\"  data-postid=\"1082\" data-locatornonce=\"f6d2b1fe50\" data-imageaspectratio=\"1:1\" data-sbi-flags=\"favorLocal\">\n\t\n\t<div id=\"sbi_images\"  style=\"gap: 10px;\">\n\t\t\t<\/div>\n\n\t<div id=\"sbi_load\" >\n\n\t\n\t\n<\/div>\n\t\t<span class=\"sbi_resized_image_data\" data-feed-id=\"sbi_#20\"\n\t\t  data-resized=\"[]\">\n\t<\/span>\n\t<\/div>\n\n\n","protected":false},"excerpt":{"rendered":"<p>Fotograafia on mulle huvi pakkunud lapsest saadik. Alustasin pildistamist ema filmi- ja digikaameratega. T\u00f5sisemalt hakkasin fotograafiaga tegelema 2011. aastal, kui soetasin endale [&hellip;]<\/p>\n","protected":false},"author":2,"featured_media":0,"parent":0,"menu_order":0,"comment_status":"closed","ping_status":"closed","template":"page-templates\/page_fullwidth.php","meta":{"footnotes":""},"class_list":["post-1082","page","type-page","status-publish","hentry"],"_links":{"self":[{"href":"https:\/\/saophotography.ee\/klient\/wp-json\/wp\/v2\/pages\/1082","targetHints":{"allow":["GET"]}}],"collection":[{"href":"https:\/\/saophotography.ee\/klient\/wp-json\/wp\/v2\/pages"}],"about":[{"href":"https:\/\/saophotography.ee\/klient\/wp-json\/wp\/v2\/types\/page"}],"author":[{"embeddable":true,"href":"https:\/\/saophotography.ee\/klient\/wp-json\/wp\/v2\/users\/2"}],"replies":[{"embeddable":true,"href":"https:\/\/saophotography.ee\/klient\/wp-json\/wp\/v2\/comments?post=1082"}],"version-history":[{"count":18,"href":"https:\/\/saophotography.ee\/klient\/wp-json\/wp\/v2\/pages\/1082\/revisions"}],"predecessor-version":[{"id":4808,"href":"https:\/\/saophotography.ee\/klient\/wp-json\/wp\/v2\/pages\/1082\/revisions\/4808"}],"wp:attachment":[{"href":"https:\/\/saophotography.ee\/klient\/wp-json\/wp\/v2\/media?parent=1082"}],"curies":[{"name":"wp","href":"https:\/\/api.w.org\/{rel}","templated":true}]}}